{"id":2176,"date":"2020-11-03T22:33:12","date_gmt":"2020-11-03T13:33:12","guid":{"rendered":"http:\/\/www.drair.co.kr\/ko\/?page_id=2176"},"modified":"2020-11-19T17:25:55","modified_gmt":"2020-11-19T08:25:55","slug":"flange","status":"publish","type":"page","link":"http:\/\/www.drair.co.kr\/ko\/parts\/flange\/","title":{"rendered":"\ud6c4\ub80c\uc9c0"},"content":{"rendered":"<section class=\"l-section wpb_row height_auto sub_row\"><div class=\"l-section-h i-cf\"><div class=\"g-cols vc_row type_default valign_top\"><div class=\"vc_col-sm-12 wpb_column vc_column_container sub_col\"><div class=\"vc_column-inner\"><div class=\"wpb_wrapper\"><div class=\"wpb_text_column\" ><div class=\"wpb_wrapper\"><table class=\"subincmenu\" style=\"width: 100%;\">\n<tbody>\n<tr>\n<td style=\"width: 20%;\"><a href=\"\/ko\/parts\/filter-box\/\">\ud544\ud130\ubc15\uc2a4<\/a><\/td>\n<td style=\"width: 20%;\"><a href=\"\/ko\/parts\/shutter\/\">\uc154\ud130<\/a><\/td>\n<td style=\"width: 20%;\"><a href=\"\/ko\/parts\/hood-cap\/\">\ud6c4\ub4dc\ucea1<\/a><\/td>\n<td style=\"width: 20%;\"><a href=\"\/ko\/parts\/single-suction-sirocco-impeller\">\ud3b8\ud761\uc785\ud615 \uc2dc\ub85c\ucf54 \uc784\ud3a0\ub77c<\/a><\/td>\n<td style=\"width: 20%;\"><a href=\"\/ko\/parts\/double-suction-sirocco-impeller\">\uc591\ud761\uc785\ud615 \uc2dc\ub85c\ucf54 \uc784\ud3a0\ub77c<\/a><\/td>\n<\/tr>\n<tr>\n<td style=\"width: 20%;\"><a href=\"\/ko\/parts\/ejector\/\">\ubc30\ucd9c\uae30<\/a><\/td>\n<td style=\"width: 20%;\"><a href=\"\/ko\/parts\/electric-motor\/\">\uc804\ub3d9\uae30(9p)<\/a><\/td>\n<td style=\"width: 20%;\"><strong><a href=\"\/ko\/parts\/flange\/\">\ud6c4\ub80c\uc9c0(2p)<\/a><\/strong><\/td>\n<td style=\"width: 20%;\"><a href=\"\/ko\/parts\/ducted-inline-impeller\/\">\ub355\ud2b8\ud615 \uc778\ub77c\uc778 \uc784\ud3a0\ub77c<\/a><\/td>\n<td style=\"width: 20%;\"><a href=\"\/ko\/parts\/turbo-blow-type-impeller\/\">\ud130\ubcf4 \ube14\ub85c\uc6b0\ud0c0\uc785 \uc784\ud3a0\ub77c<\/a><\/td>\n<\/tr>\n<tr>\n<td style=\"width: 20%;\"><\/td>\n<td style=\"width: 20%;\"><\/td>\n<td style=\"width: 20%;\"><\/td>\n<td style=\"width: 20%;\"><a href=\"\/ko\/parts\/high-pressure-axial-flow-impeller\/\">\uace0\uc555 \ucd95\ub958\ud615 \uc784\ud3a0\ub77c<\/a><\/td>\n<td style=\"width: 20%;\"><a href=\"\/ko\/parts\/four-flow-duct-type-impeller\/\">\uc0ac\ub958 \ub355\ud2b8\ud615 \uc784\ud3a0\ub77c<\/a><\/td>\n<\/tr>\n<tr>\n<td style=\"width: 20%;\"><\/td>\n<td style=\"width: 20%;\"><\/td>\n<td style=\"width: 20%;\"><\/td>\n<td style=\"width: 20%;\"><a href=\"\/ko\/parts\/portable-fan-impeller\/\">\ud3ec\ud130\ube14\ud32c \uc784\ud3a0\ub77c<\/a><\/td>\n<td style=\"width: 20%;\"><a href=\"\/ko\/parts\/plate-pan\/\">\ud50c\ub808\uc774\ud2b8\ud32c<\/a><\/td>\n<\/tr>\n<tr>\n<td style=\"width: 20%;\"><\/td>\n<td style=\"width: 20%;\"><\/td>\n<td style=\"width: 20%;\"><\/td>\n<td style=\"width: 20%;\"><a href=\"\/ko\/parts\/cooling-impeller\/\">\ub0c9\uac01\uc6a9 \uc784\ud3a0\ub77c<\/a><\/td>\n<td style=\"width: 20%;\"><\/td>\n<\/tr>\n<\/tbody>\n<\/table>\n<\/div><\/div><\/div><\/div><\/div><\/div><\/div><\/section><section class=\"l-section wpb_row height_small\"><div class=\"l-section-h i-cf\"><div class=\"g-cols vc_row type_default valign_top\"><div class=\"vc_col-sm-12 wpb_column vc_column_container\"><div class=\"vc_column-inner\"><div class=\"wpb_wrapper\"><div class=\"g-cols wpb_row  type_default valign_top vc_inner\"><div class=\"vc_col-sm-6 wpb_column vc_column_container\"><div class=\"vc_column-inner\"><div class=\"wpb_wrapper\"><div class=\"w-slider us_custom_5c1af071 style_none fit_scaledown\"><div class=\"w-slider-h\"><div class=\"royalSlider\"><div class=\"rsContent\"><a class=\"rsImg\" data-rsw=\"700\" data-rsh=\"700\" data-rsBigImg=\"http:\/\/www.drair.co.kr\/ko\/wp-content\/uploads\/2020\/11\/Hurenji01.jpg\" href=\"http:\/\/www.drair.co.kr\/ko\/wp-content\/uploads\/2020\/11\/Hurenji01.jpg\"><span data-alt=\"\"><\/span><\/a><\/div><div class=\"rsContent\"><a class=\"rsImg\" data-rsw=\"700\" data-rsh=\"700\" data-rsBigImg=\"http:\/\/www.drair.co.kr\/ko\/wp-content\/uploads\/2020\/11\/Hurenji02.jpg\" href=\"http:\/\/www.drair.co.kr\/ko\/wp-content\/uploads\/2020\/11\/Hurenji02.jpg\"><span data-alt=\"\"><\/span><\/a><\/div><\/div><img src=\"http:\/\/www.drair.co.kr\/ko\/wp-content\/uploads\/2020\/11\/Hurenji01.jpg\" width=\"700\" height=\"700\" alt loading=\"lazy\"><\/div><div class=\"w-slider-json\" onclick='return {&quot;loop&quot;:true,&quot;fadeInLoadedSlide&quot;:false,&quot;slidesSpacing&quot;:0,&quot;imageScalePadding&quot;:0,&quot;numImagesToPreload&quot;:2,&quot;arrowsNav&quot;:true,&quot;arrowsNavAutoHide&quot;:false,&quot;transitionType&quot;:&quot;move&quot;,&quot;transitionSpeed&quot;:300,&quot;block&quot;:{&quot;moveEffect&quot;:&quot;none&quot;,&quot;speed&quot;:300},&quot;controlNavigation&quot;:&quot;bullets&quot;,&quot;fullscreen&quot;:{&quot;enabled&quot;:true},&quot;imageScaleMode&quot;:&quot;fit-if-smaller&quot;,&quot;autoScaleSlider&quot;:true,&quot;autoScaleSliderWidth&quot;:700,&quot;autoScaleSliderHeight&quot;:700,&quot;fitInViewport&quot;:false}'><\/div><\/div><\/div><\/div><\/div><div class=\"vc_col-sm-6 wpb_column vc_column_container\"><div class=\"vc_column-inner\"><div class=\"wpb_wrapper\"><div class=\"wpb_text_column us_custom_d80925e8\" ><div class=\"wpb_wrapper\"><h4><strong>\ud6c4\ub80c\uc9c0<\/strong><\/h4>\n<\/div><\/div><div class=\"wpb_text_column us_custom_5de09255\" ><div class=\"wpb_wrapper\"><table style=\"width: 100%;\" border=\"0\">\n<tbody>\n<tr>\n<td class=\"p_content_title\">\ud2b9\uc9d5<\/td>\n<td class=\"p_content_text\">&#8211;<\/td>\n<\/tr>\n<\/tbody>\n<\/table>\n<\/div><\/div><div class=\"wpb_text_column us_custom_5de09255\" ><div class=\"wpb_wrapper\"><table style=\"width: 100%;\" border=\"0\">\n<tbody>\n<tr>\n<td class=\"p_content_title\">\uc6a9\ub3c4<\/td>\n<td class=\"p_content_text\">&#8211;<\/td>\n<\/tr>\n<\/tbody>\n<\/table>\n<\/div><\/div><\/div><\/div><\/div><\/div><div class=\"g-cols wpb_row  type_default valign_top vc_inner\"><div class=\"vc_col-sm-12 wpb_column vc_column_container\"><div class=\"vc_column-inner\"><div class=\"wpb_wrapper\"><div class=\"w-separator size_small\"><\/div><\/div><\/div><\/div><\/div><div class=\"g-cols wpb_row  type_default valign_top vc_inner\"><div class=\"vc_col-sm-12 wpb_column vc_column_container\"><div class=\"vc_column-inner\"><div class=\"wpb_wrapper\"><div class=\"w-separator size_medium\"><\/div><div class=\"wpb_text_column us_custom_821ea863\" ><div class=\"wpb_wrapper\"><div class=\"box1\">\ud2b9\uc131 \ubc0f \uc0ac\uc591<\/div>\n<\/div><\/div><div class=\"wpb_text_column\" ><div class=\"wpb_wrapper\"><table class=\"natbl\" style=\"width: 100%; border-width: 2px 1px; border-style: solid; border-color: #046637 #c6c9ce; border-image: initial; height: 230px;\" border=\"1\">\n<tbody>\n<tr>\n<td><strong>Duct size<\/strong><\/td>\n<th>A<\/th>\n<th>B<\/th>\n<th>C<\/th>\n<th>D<\/th>\n<th>E<\/th>\n<\/tr>\n<tr>\n<td>\u00d8150<\/td>\n<td>149<\/td>\n<td>180<\/td>\n<td>165<\/td>\n<td>4-\u00d85<\/td>\n<td>40<\/td>\n<\/tr>\n<tr>\n<td>\u00d8200<\/td>\n<td>199<\/td>\n<td>230<\/td>\n<td>220<\/td>\n<td>4-\u00d85<\/td>\n<td>50<\/td>\n<\/tr>\n<tr>\n<td>\u00d8250<\/td>\n<td>248<\/td>\n<td>280<\/td>\n<td>270<\/td>\n<td>4-\u00d85<\/td>\n<td>50<\/td>\n<\/tr>\n<tr>\n<td>\u00d8300<\/td>\n<td>299<\/td>\n<td>330<\/td>\n<td>316<\/td>\n<td>6-\u00d85<\/td>\n<td>60<\/td>\n<\/tr>\n<tr>\n<td>\u00d8350<\/td>\n<td>349<\/td>\n<td>410<\/td>\n<td>390<\/td>\n<td>12-\u00d86<\/td>\n<td>70<\/td>\n<\/tr>\n<tr>\n<td>\u00d8400<\/td>\n<td>399<\/td>\n<td>460<\/td>\n<td>440<\/td>\n<td>12-\u00d86<\/td>\n<td>70<\/td>\n<\/tr>\n<tr>\n<td>\u00d8450<\/td>\n<td>449<\/td>\n<td>495<\/td>\n<td>475<\/td>\n<td>12-\u00d86<\/td>\n<td>60<\/td>\n<\/tr>\n<\/tbody>\n<\/table>\n<\/div><\/div><div class=\"wpb_text_column\" ><div class=\"wpb_wrapper\"><table class=\"natbl\" style=\"width: 100%; border-width: 2px 1px; border-style: solid; border-color: #046637 #c6c9ce; border-image: initial; height: 230px;\" border=\"1\">\n<tbody>\n<tr>\n<td><strong>Duct size<\/strong><\/td>\n<th>A<\/th>\n<th>B<\/th>\n<th>C<\/th>\n<th>D<\/th>\n<th>E<\/th>\n<th>F<\/th>\n<\/tr>\n<tr>\n<td>\u00d8100<\/td>\n<td>98<\/td>\n<td>152<\/td>\n<td>140<\/td>\n<td>4-\u00d85<\/td>\n<td>58<\/td>\n<td>30<\/td>\n<\/tr>\n<tr>\n<td>\u00d8150<\/td>\n<td>147<\/td>\n<td>200<\/td>\n<td>187<\/td>\n<td>4-\u00d85<\/td>\n<td>58<\/td>\n<td>30<\/td>\n<\/tr>\n<tr>\n<td>\u00d8200<\/td>\n<td>197<\/td>\n<td>250<\/td>\n<td>240<\/td>\n<td>4-\u00d85<\/td>\n<td>58<\/td>\n<td>30<\/td>\n<\/tr>\n<tr>\n<td>\u00d8250<\/td>\n<td>247<\/td>\n<td>300<\/td>\n<td>293<\/td>\n<td>5-\u00d85<\/td>\n<td>58<\/td>\n<td>30<\/td>\n<\/tr>\n<tr>\n<td>\u00d8350<\/td>\n<td>349<\/td>\n<td>410<\/td>\n<td>390<\/td>\n<td>12-\u00d86<\/td>\n<td>70<\/td>\n<td><\/td>\n<\/tr>\n<\/tbody>\n<\/table>\n<\/div><\/div><\/div><\/div><\/div><\/div><\/div><\/div><\/div><\/div><\/div><\/section><section class=\"l-section wpb_row height_small\"><div class=\"l-section-h i-cf\"><div class=\"g-cols vc_row type_default valign_top\"><div class=\"vc_col-sm-12 wpb_column vc_column_container\"><div class=\"vc_column-inner\"><div class=\"wpb_wrapper\"><div class=\"w-separator size_medium\"><\/div><\/div><\/div><\/div><\/div><\/div><\/section>\n","protected":false},"excerpt":{"rendered":"\ud544\ud130\ubc15\uc2a4 \uc154\ud130 \ud6c4\ub4dc\ucea1 \ud3b8\ud761\uc785\ud615 \uc2dc\ub85c\ucf54 \uc784\ud3a0\ub77c \uc591\ud761\uc785\ud615 \uc2dc\ub85c\ucf54 \uc784\ud3a0\ub77c \ubc30\ucd9c\uae30 \uc804\ub3d9\uae30(9p) \ud6c4\ub80c\uc9c0(2p) \ub355\ud2b8\ud615 \uc778\ub77c\uc778 \uc784\ud3a0\ub77c \ud130\ubcf4 \ube14\ub85c\uc6b0\ud0c0\uc785 \uc784\ud3a0\ub77c \uace0\uc555 \ucd95\ub958\ud615 \uc784\ud3a0\ub77c \uc0ac\ub958 \ub355\ud2b8\ud615 \uc784\ud3a0\ub77c \ud3ec\ud130\ube14\ud32c \uc784\ud3a0\ub77c \ud50c\ub808\uc774\ud2b8\ud32c \ub0c9\uac01\uc6a9 \uc784\ud3a0\ub77c \ud6c4\ub80c\uc9c0 \ud2b9\uc9d5 &#8211; \uc6a9\ub3c4 &#8211; \ud2b9\uc131 \ubc0f \uc0ac\uc591 Duct size A B C D E \u00d8150 149 180 165 4-\u00d85 40 \u00d8200 199 230 220 4-\u00d85...","protected":false},"author":1,"featured_media":0,"parent":1954,"menu_order":0,"comment_status":"closed","ping_status":"closed","template":"","meta":[],"_links":{"self":[{"href":"http:\/\/www.drair.co.kr\/ko\/wp-json\/wp\/v2\/pages\/2176"}],"collection":[{"href":"http:\/\/www.drair.co.kr\/ko\/wp-json\/wp\/v2\/pages"}],"about":[{"href":"http:\/\/www.drair.co.kr\/ko\/wp-json\/wp\/v2\/types\/page"}],"author":[{"embeddable":true,"href":"http:\/\/www.drair.co.kr\/ko\/wp-json\/wp\/v2\/users\/1"}],"replies":[{"embeddable":true,"href":"http:\/\/www.drair.co.kr\/ko\/wp-json\/wp\/v2\/comments?post=2176"}],"version-history":[{"count":5,"href":"http:\/\/www.drair.co.kr\/ko\/wp-json\/wp\/v2\/pages\/2176\/revisions"}],"predecessor-version":[{"id":2417,"href":"http:\/\/www.drair.co.kr\/ko\/wp-json\/wp\/v2\/pages\/2176\/revisions\/2417"}],"up":[{"embeddable":true,"href":"http:\/\/www.drair.co.kr\/ko\/wp-json\/wp\/v2\/pages\/1954"}],"wp:attachment":[{"href":"http:\/\/www.drair.co.kr\/ko\/wp-json\/wp\/v2\/media?parent=2176"}],"curies":[{"name":"wp","href":"https:\/\/api.w.org\/{rel}","templated":true}]}}